{"id":2740,"date":"2023-03-07T22:26:43","date_gmt":"2023-03-07T21:26:43","guid":{"rendered":"https:\/\/martin-schwierz-fotografie.de\/?page_id=2740"},"modified":"2024-01-22T09:54:12","modified_gmt":"2024-01-22T08:54:12","slug":"leistungen-hochzeit","status":"publish","type":"page","link":"https:\/\/martin-schwierz-fotografie.de\/?page_id=2740","title":{"rendered":"Leistungen Hochzeit"},"content":{"rendered":"\n<p>Bei der Hochzeitsfotografie m\u00f6chte ich Euch von der Trauung, \u00fcber Brautpaarshooting bis hin zur Hochzeitsreportage das bieten, was Euren Vorstellungen und Bed\u00fcrfnissen entspricht. Dabei lernen wir uns in einem Vorabgespr\u00e4ch kennen und sprechen dar\u00fcber, was ihr m\u00f6gt, nicht m\u00f6gt und welche Momente Euch wichtig sind. Bei der Hochzeitsfotografie ist es als Fotograf wichtig schnell, flexibel aber auch sensibel zu sein. Deshalb m\u00f6chte ich gerne mit Euch Einzelheiten zum Tagesablauf, Trauzeugen als auch Besonderheiten besprechen, so dass ihr Euren Tag frei genie\u00dfen k\u00f6nnt. Gerne biete ich Euch folgende Leistungspakete an, die wir inhaltlich auch nach Euren Bed\u00fcrfnissen anpassen k\u00f6nnen.<\/p>\n\n\n\n<p> <\/p>\n\n\n\n<h2 class=\"wp-block-heading\">Grunds\u00e4tzliche Leistungen zu den Paketen<\/h2>\n\n\n\n<p>+ Ca. 60-80 Bilder pro Stunde<br>+ Alle Bilder professionell bearbeitet<br>+ Alle Bilder hochaufl\u00f6send als Download<br>+ Vorbesprechung W\u00fcnsche und Vorstellungen<br>+ Fahrkosten von Adresse in Hamburg aus 30 km inkl., danach je km 80 Cent (Summe An- und Abreise Km)<\/p>\n\n\n\n<p><\/p>\n\n\n\n<h2 class=\"wp-block-heading\">Trauung &amp; Brautpaar Shooting<\/h2>\n\n\n\n<p>610\u20ac<br>3 Stunden<br>Begleitung der Trauung<br>Brautpaarshooting<br>G\u00e4ste, z.B. Begleitung Sektempfang oder Gruppenfotos<\/p>\n\n\n\n<p><\/p>\n\n\n\n<h2 class=\"wp-block-heading\">Hochzeitsbegleitung mini<\/h2>\n\n\n\n<p>970\u20ac<br>5 Stunden <br>Eintreffen Brautpaar<br>Begleitung der Trauung<br>Brautpaarshooting<br>G\u00e4ste, z.B. Begleitung Sektempfang oder Gruppenfotos<br>Begleitung Programmpunkte, Essen, Tanzen, etc.<\/p>\n\n\n\n<p><\/p>\n\n\n\n<h2 class=\"wp-block-heading\">Hochzeitsbegleitung maxi<\/h2>\n\n\n\n<p>1.440\u20ac<br>8 Stunden <br>Eintreffen Brautpaar, Eintreffen der G\u00e4ste<br>Begleitung der Trauung<br>Brautpaarshooting<br>G\u00e4ste, z.B. Begleitung Sektempfang oder Gruppenfotos<br>Begleitung Programmpunkte, Essen, Tanzen, etc.<br>Fahrkosten 100km inkl. <\/p>\n\n\n\n<p><\/p>\n\n\n\n<h2 class=\"wp-block-heading\">Hochzeitsreportage mini<\/h2>\n\n\n\n<p>1.710\u20ac<br>10 Stunden<br>Begleitung bei den Vorbereitung des Brautpaares<br>Eintreffen Brautpaar, Eintreffen der G\u00e4ste<br>Begleitung der Trauung<br>Brautpaarshooting<br>G\u00e4ste, z.B. Begleitung Sektempfang oder Gruppenfotos<br>Begleitung Programmpunkte, Essen, Tanzen, etc.<br>Fahrkosten 100km inkl. <\/p>\n\n\n\n<p><\/p>\n\n\n\n<h2 class=\"wp-block-heading\">Hochzeitsreportage maxi<\/h2>\n\n\n\n<p>1.950\u20ac<br>12 Stunden<br>Begleitung bei den Vorbereitung des Brautpaares<br>Eintreffen Brautpaar, Eintreffen der G\u00e4ste<br>Begleitung der Trauung<br>Brautpaarshooting<br>G\u00e4ste, z.B. Begleitung Sektempfang oder Gruppenfotos<br>Begleitung Programmpunkte, Essen, Tanzen, etc.<br>Fahrkosten 200km inkl. <\/p>\n","protected":false},"excerpt":{"rendered":"<p>Bei der Hochzeitsfotografie m\u00f6chte ich Euch von der Trauung, \u00fcber Brautpaarshooting bis hin zur Hochzeitsreportage das bieten, was Euren Vorstellungen und Bed\u00fcrfnissen entspricht. Dabei lernen wir uns in einem Vorabgespr\u00e4ch kennen und sprechen dar\u00fcber, was ihr m\u00f6gt, nicht m\u00f6gt und welche Momente Euch wichtig sind. Bei der Hochzeitsfotografie ist es als Fotograf wichtig schnell, flexibel [&hellip;]<\/p>\n","protected":false},"author":1,"featured_media":0,"parent":0,"menu_order":0,"comment_status":"closed","ping_status":"closed","template":"","meta":{"footnotes":""},"class_list":["post-2740","page","type-page","status-publish","hentry"],"_links":{"self":[{"href":"https:\/\/martin-schwierz-fotografie.de\/index.php?rest_route=\/wp\/v2\/pages\/2740","targetHints":{"allow":["GET"]}}],"collection":[{"href":"https:\/\/martin-schwierz-fotografie.de\/index.php?rest_route=\/wp\/v2\/pages"}],"about":[{"href":"https:\/\/martin-schwierz-fotografie.de\/index.php?rest_route=\/wp\/v2\/types\/page"}],"author":[{"embeddable":true,"href":"https:\/\/martin-schwierz-fotografie.de\/index.php?rest_route=\/wp\/v2\/users\/1"}],"replies":[{"embeddable":true,"href":"https:\/\/martin-schwierz-fotografie.de\/index.php?rest_route=%2Fwp%2Fv2%2Fcomments&post=2740"}],"version-history":[{"count":2,"href":"https:\/\/martin-schwierz-fotografie.de\/index.php?rest_route=\/wp\/v2\/pages\/2740\/revisions"}],"predecessor-version":[{"id":2774,"href":"https:\/\/martin-schwierz-fotografie.de\/index.php?rest_route=\/wp\/v2\/pages\/2740\/revisions\/2774"}],"wp:attachment":[{"href":"https:\/\/martin-schwierz-fotografie.de\/index.php?rest_route=%2Fwp%2Fv2%2Fmedia&parent=2740"}],"curies":[{"name":"wp","href":"https:\/\/api.w.org\/{rel}","templated":true}]}}