{"id":2735,"date":"2023-03-07T22:27:01","date_gmt":"2023-03-07T21:27:01","guid":{"rendered":"https:\/\/martin-schwierz-fotografie.de\/?page_id=2735"},"modified":"2024-01-22T09:58:01","modified_gmt":"2024-01-22T08:58:01","slug":"leistungen-baby-family","status":"publish","type":"page","link":"https:\/\/martin-schwierz-fotografie.de\/?page_id=2735","title":{"rendered":"Leistungen Baby &#038; Family"},"content":{"rendered":"\n<p>Beim Baby &amp; Family Shooting m\u00f6chte ich mich auf Euch als Paar, auf Euer\/e Kind\/er, und \/ oder Baby konzentrieren. Im Vorwege sprechen wir ab, was Euch gef\u00e4llt, was ihr m\u00f6gt und nicht m\u00f6gt. Mir ist dabei wichtig auf Eure Bed\u00fcrfnisse einzugehen und f\u00fcr Euch sch\u00f6ne Erinnerungen nach Euren Vorstellungen zu schaffen. Das Shooting k\u00f6nnen wir gerne in Eurem gewohntem Umfeld oder auch Freien, z.B. einem Park oder Wald vereinbaren. Wenn ihr m\u00f6gt, k\u00f6nnt ihr auch beim Shooting Outfits wechseln. <\/p>\n\n\n\n<p>Ich biete zwei Pakete an, ein kleines und ein gr\u00f6\u00dferes. Nach dem Shooting treffe ich eine Vorauswahl der Bilder, bearbeite sie vorab und stelle sie Euch zur finalen Auswahl bereit. Die Bilder Eurer Wahl bearbeite ich final und stelle sie euch als hochaufl\u00f6senden Download zur Verf\u00fcgung.<\/p>\n\n\n\n<p><\/p>\n\n\n\n<h2 class=\"wp-block-heading\">Baby &amp; Family Shooting mini<\/h2>\n\n\n\n<p>190 \u20ac<br>60 Minuten<br>Auswahl von 10 Bildern<br>jedes weitere Bild 7,5 \u20ac<\/p>\n\n\n\n<p><\/p>\n\n\n\n<h2 class=\"wp-block-heading\">Baby &amp; Family Shooting maxi<\/h2>\n\n\n\n<p>270 \u20ac<br>1,5 Stunden<br>Auswahl von 20 Bildern<br>jedes weitere Bild 7,5 \u20ac<br><\/p>\n","protected":false},"excerpt":{"rendered":"<p>Beim Baby &amp; Family Shooting m\u00f6chte ich mich auf Euch als Paar, auf Euer\/e Kind\/er, und \/ oder Baby konzentrieren. Im Vorwege sprechen wir ab, was Euch gef\u00e4llt, was ihr m\u00f6gt und nicht m\u00f6gt. Mir ist dabei wichtig auf Eure Bed\u00fcrfnisse einzugehen und f\u00fcr Euch sch\u00f6ne Erinnerungen nach Euren Vorstellungen zu schaffen. Das Shooting k\u00f6nnen [&hellip;]<\/p>\n","protected":false},"author":1,"featured_media":0,"parent":0,"menu_order":0,"comment_status":"closed","ping_status":"closed","template":"","meta":{"footnotes":""},"class_list":["post-2735","page","type-page","status-publish","hentry"],"_links":{"self":[{"href":"https:\/\/martin-schwierz-fotografie.de\/index.php?rest_route=\/wp\/v2\/pages\/2735","targetHints":{"allow":["GET"]}}],"collection":[{"href":"https:\/\/martin-schwierz-fotografie.de\/index.php?rest_route=\/wp\/v2\/pages"}],"about":[{"href":"https:\/\/martin-schwierz-fotografie.de\/index.php?rest_route=\/wp\/v2\/types\/page"}],"author":[{"embeddable":true,"href":"https:\/\/martin-schwierz-fotografie.de\/index.php?rest_route=\/wp\/v2\/users\/1"}],"replies":[{"embeddable":true,"href":"https:\/\/martin-schwierz-fotografie.de\/index.php?rest_route=%2Fwp%2Fv2%2Fcomments&post=2735"}],"version-history":[{"count":3,"href":"https:\/\/martin-schwierz-fotografie.de\/index.php?rest_route=\/wp\/v2\/pages\/2735\/revisions"}],"predecessor-version":[{"id":2775,"href":"https:\/\/martin-schwierz-fotografie.de\/index.php?rest_route=\/wp\/v2\/pages\/2735\/revisions\/2775"}],"wp:attachment":[{"href":"https:\/\/martin-schwierz-fotografie.de\/index.php?rest_route=%2Fwp%2Fv2%2Fmedia&parent=2735"}],"curies":[{"name":"wp","href":"https:\/\/api.w.org\/{rel}","templated":true}]}}