{"id":1456,"date":"2021-02-16T22:10:10","date_gmt":"2021-02-16T21:10:10","guid":{"rendered":"https:\/\/martin-schwierz-fotografie.de\/?page_id=1456"},"modified":"2024-07-07T13:58:41","modified_gmt":"2024-07-07T11:58:41","slug":"babyfamily","status":"publish","type":"page","link":"https:\/\/martin-schwierz-fotografie.de\/?page_id=1456","title":{"rendered":"Baby &#038; Family"},"content":{"rendered":"[vc_row][vc_column][vc_column_text]Manche sagen es ist ein Wunder der Natur, der Sinn des Lebens oder einfach nur das sch\u00f6nste Geschenk, dass man bekommen kann. Als Familienvater von zwei kleinen Kindern wei\u00df ich, wie spannend die gemeinsame Zeit \u00fcber die Schwangerschaft bis zur Geburt ist und was ein Kinderl\u00e4cheln mit einem macht. All die Momente gehen so schnell vorbei, aber die Erinnerungen bleiben. Die Kleinen aber k\u00f6nnen sich oftmals nicht daran erinnern, umso sch\u00f6ner ist es, gemeinsam auf unvergessliche Bilder zu blicken. Ein passendes Shooting k\u00f6nnen wir gerne in Eurem gewohnten Umfeld oder auch im Freien vereinbaren.[\/vc_column_text][vc_masonry_media_grid item=&#8220;masonryMedia_BorderedScale&#8220; grid_id=&#8220;vc_gid:1720353367812-4de5527ae7aad4951f9317e3117961b7-6&#8243; include=&#8220;2416,2407,2408,2409,2412,2410,2399,2413,2414,2415,2417,2671,2672,2673,2674,2675,2692,2693,2694,2695,2696,2697,2698,2682,2684,2690,2685,2687,2689,2688,2691,2406,2397,2398,2396,2400,2401,2402,2403,2404,2405,2411,2681,2679,2680,2780,2782,2784,2785,2787,2788,2789,2790,2791,2792,2793,2794,2795,2803,2796,2798,2799&#8243;][\/vc_column][\/vc_row]\n","protected":false},"excerpt":{"rendered":"<p>[vc_row][vc_column][vc_column_text]Manche sagen es ist ein Wunder der Natur, der Sinn des Lebens oder einfach nur das sch\u00f6nste Geschenk, dass man bekommen kann. Als Familienvater von zwei kleinen Kindern wei\u00df ich, wie spannend die gemeinsame Zeit \u00fcber die Schwangerschaft bis zur Geburt ist und was ein Kinderl\u00e4cheln mit einem macht. All die Momente gehen so schnell [&hellip;]<\/p>\n","protected":false},"author":1,"featured_media":0,"parent":0,"menu_order":0,"comment_status":"closed","ping_status":"closed","template":"","meta":{"footnotes":""},"class_list":["post-1456","page","type-page","status-publish","hentry"],"_links":{"self":[{"href":"https:\/\/martin-schwierz-fotografie.de\/index.php?rest_route=\/wp\/v2\/pages\/1456","targetHints":{"allow":["GET"]}}],"collection":[{"href":"https:\/\/martin-schwierz-fotografie.de\/index.php?rest_route=\/wp\/v2\/pages"}],"about":[{"href":"https:\/\/martin-schwierz-fotografie.de\/index.php?rest_route=\/wp\/v2\/types\/page"}],"author":[{"embeddable":true,"href":"https:\/\/martin-schwierz-fotografie.de\/index.php?rest_route=\/wp\/v2\/users\/1"}],"replies":[{"embeddable":true,"href":"https:\/\/martin-schwierz-fotografie.de\/index.php?rest_route=%2Fwp%2Fv2%2Fcomments&post=1456"}],"version-history":[{"count":11,"href":"https:\/\/martin-schwierz-fotografie.de\/index.php?rest_route=\/wp\/v2\/pages\/1456\/revisions"}],"predecessor-version":[{"id":2806,"href":"https:\/\/martin-schwierz-fotografie.de\/index.php?rest_route=\/wp\/v2\/pages\/1456\/revisions\/2806"}],"wp:attachment":[{"href":"https:\/\/martin-schwierz-fotografie.de\/index.php?rest_route=%2Fwp%2Fv2%2Fmedia&parent=1456"}],"curies":[{"name":"wp","href":"https:\/\/api.w.org\/{rel}","templated":true}]}}