{"id":1451,"date":"2021-02-16T22:11:45","date_gmt":"2021-02-16T21:11:45","guid":{"rendered":"https:\/\/martin-schwierz-fotografie.de\/?page_id=1451"},"modified":"2023-04-24T22:54:06","modified_gmt":"2023-04-24T20:54:06","slug":"portrait","status":"publish","type":"page","link":"https:\/\/martin-schwierz-fotografie.de\/?page_id=1451","title":{"rendered":"Portrait"},"content":{"rendered":"[vc_row][vc_column][vc_column_text]Du und ich bringen Dich gemeinsam in Szene, so dass wir ausdrucksstarke authentische Portraits von Dir schaffen. Ob Unternehmensfotos, Internetauftritt, Selbstst\u00e4ndigkeit oder Selbstverwirklichung, wir besprechen das passende Umfeld und ich k\u00fcmmere mich um das passende Setup, Belichtung, Bildkomposition und Posing. Das Shooting kann im Freien unter nat\u00fcrlichem Licht stattfinden oder auch in Geb\u00e4uden mit mobilem Studiosetup erfolgen. Lass es uns gerne gemeinsam besprechen.[\/vc_column_text][vc_masonry_media_grid item=&#8220;masonryMedia_BorderedScale&#8220; grid_id=&#8220;vc_gid:1682369177309-065063ed126627a52651f76d87fed711-2&#8243; include=&#8220;1431,1436,2768,2767,2758,2757,2759,2699,2703,2718,2717,2715,2711,2706,2707,2760,2769,2714,2712,2713,1433,1427,2704,2701,2761,2762,2763,2709,2705,2710,1432,2700,2702,2766,2765,2764&#8243;][\/vc_column][\/vc_row]\n","protected":false},"excerpt":{"rendered":"<p>[vc_row][vc_column][vc_column_text]Du und ich bringen Dich gemeinsam in Szene, so dass wir ausdrucksstarke authentische Portraits von Dir schaffen. Ob Unternehmensfotos, Internetauftritt, Selbstst\u00e4ndigkeit oder Selbstverwirklichung, wir besprechen das passende Umfeld und ich k\u00fcmmere mich um das passende Setup, Belichtung, Bildkomposition und Posing. Das Shooting kann im Freien unter nat\u00fcrlichem Licht stattfinden oder auch in Geb\u00e4uden mit mobilem [&hellip;]<\/p>\n","protected":false},"author":1,"featured_media":0,"parent":0,"menu_order":0,"comment_status":"closed","ping_status":"closed","template":"","meta":{"footnotes":""},"class_list":["post-1451","page","type-page","status-publish","hentry"],"_links":{"self":[{"href":"https:\/\/martin-schwierz-fotografie.de\/index.php?rest_route=\/wp\/v2\/pages\/1451","targetHints":{"allow":["GET"]}}],"collection":[{"href":"https:\/\/martin-schwierz-fotografie.de\/index.php?rest_route=\/wp\/v2\/pages"}],"about":[{"href":"https:\/\/martin-schwierz-fotografie.de\/index.php?rest_route=\/wp\/v2\/types\/page"}],"author":[{"embeddable":true,"href":"https:\/\/martin-schwierz-fotografie.de\/index.php?rest_route=\/wp\/v2\/users\/1"}],"replies":[{"embeddable":true,"href":"https:\/\/martin-schwierz-fotografie.de\/index.php?rest_route=%2Fwp%2Fv2%2Fcomments&post=1451"}],"version-history":[{"count":10,"href":"https:\/\/martin-schwierz-fotografie.de\/index.php?rest_route=\/wp\/v2\/pages\/1451\/revisions"}],"predecessor-version":[{"id":2772,"href":"https:\/\/martin-schwierz-fotografie.de\/index.php?rest_route=\/wp\/v2\/pages\/1451\/revisions\/2772"}],"wp:attachment":[{"href":"https:\/\/martin-schwierz-fotografie.de\/index.php?rest_route=%2Fwp%2Fv2%2Fmedia&parent=1451"}],"curies":[{"name":"wp","href":"https:\/\/api.w.org\/{rel}","templated":true}]}}