{"id":1449,"date":"2021-02-16T22:10:31","date_gmt":"2021-02-16T21:10:31","guid":{"rendered":"https:\/\/martin-schwierz-fotografie.de\/?page_id=1449"},"modified":"2024-09-05T11:40:17","modified_gmt":"2024-09-05T09:40:17","slug":"hochzeit","status":"publish","type":"page","link":"https:\/\/martin-schwierz-fotografie.de\/?page_id=1449","title":{"rendered":"Hochzeit"},"content":{"rendered":"[vc_row][vc_column][vc_column_text]Die Liebe, Emotionen, Freude und Begeisterung in Bildern f\u00fcr die Ewigkeit festhalten ist meine Leidenschaft. Eine Hochzeit ist ein einzigartiges Ereignis, deshalb gehe ich auf die W\u00fcnsche und Bed\u00fcrfnisse jedes Brautpaares individuell ein. Es ist Euer B\u00fcndnis f\u00fcr die Ewigkeit, Euer Tag, Eure besondere Aufmerksamkeit und ich begleite Euch herzlich gerne dabei.[\/vc_column_text][\/vc_column][\/vc_row][vc_row][vc_column][vc_masonry_media_grid item=&#8220;masonryMedia_BorderedScale&#8220; grid_id=&#8220;vc_gid:1725529166038-76028177-a227-9&#8243; include=&#8220;2809,2810,2812,2811,2813,2814,2815,2816,2817,2819,2822,2818,2820,2821,2824,2825,2826,2615,2624,2630,2631,2622,2599,2606,2598,2586,2604,2643,2617,2596,2464,2470,2465,2466,2467,2472,2468,2469,2471,2473,2474,2475,2492,2493,2494,2495,2496,2497,2498,2499,2500,2501,2502,2503,2504,2505,2506,2507,2508,2509,2510,2511,2512,2513,2514,2515,2516,2517,2518,2519,2520,2521,2522,2523,2524,2525,2526,2527,2529,2528&#8243;][\/vc_column][\/vc_row]\n","protected":false},"excerpt":{"rendered":"<p>[vc_row][vc_column][vc_column_text]Die Liebe, Emotionen, Freude und Begeisterung in Bildern f\u00fcr die Ewigkeit festhalten ist meine Leidenschaft. Eine Hochzeit ist ein einzigartiges Ereignis, deshalb gehe ich auf die W\u00fcnsche und Bed\u00fcrfnisse jedes Brautpaares individuell ein. Es ist Euer B\u00fcndnis f\u00fcr die Ewigkeit, Euer Tag, Eure besondere Aufmerksamkeit und ich begleite Euch herzlich gerne dabei.[\/vc_column_text][\/vc_column][\/vc_row][vc_row][vc_column][vc_masonry_media_grid item=&#8220;masonryMedia_BorderedScale&#8220; grid_id=&#8220;vc_gid:1725529166038-76028177-a227-9&#8243; include=&#8220;2809,2810,2812,2811,2813,2814,2815,2816,2817,2819,2822,2818,2820,2821,2824,2825,2826,2615,2624,2630,2631,2622,2599,2606,2598,2586,2604,2643,2617,2596,2464,2470,2465,2466,2467,2472,2468,2469,2471,2473,2474,2475,2492,2493,2494,2495,2496,2497,2498,2499,2500,2501,2502,2503,2504,2505,2506,2507,2508,2509,2510,2511,2512,2513,2514,2515,2516,2517,2518,2519,2520,2521,2522,2523,2524,2525,2526,2527,2529,2528&#8243;][\/vc_column][\/vc_row]<\/p>\n","protected":false},"author":1,"featured_media":0,"parent":0,"menu_order":0,"comment_status":"closed","ping_status":"closed","template":"","meta":{"footnotes":""},"class_list":["post-1449","page","type-page","status-publish","hentry"],"_links":{"self":[{"href":"https:\/\/martin-schwierz-fotografie.de\/index.php?rest_route=\/wp\/v2\/pages\/1449","targetHints":{"allow":["GET"]}}],"collection":[{"href":"https:\/\/martin-schwierz-fotografie.de\/index.php?rest_route=\/wp\/v2\/pages"}],"about":[{"href":"https:\/\/martin-schwierz-fotografie.de\/index.php?rest_route=\/wp\/v2\/types\/page"}],"author":[{"embeddable":true,"href":"https:\/\/martin-schwierz-fotografie.de\/index.php?rest_route=\/wp\/v2\/users\/1"}],"replies":[{"embeddable":true,"href":"https:\/\/martin-schwierz-fotografie.de\/index.php?rest_route=%2Fwp%2Fv2%2Fcomments&post=1449"}],"version-history":[{"count":10,"href":"https:\/\/martin-schwierz-fotografie.de\/index.php?rest_route=\/wp\/v2\/pages\/1449\/revisions"}],"predecessor-version":[{"id":2828,"href":"https:\/\/martin-schwierz-fotografie.de\/index.php?rest_route=\/wp\/v2\/pages\/1449\/revisions\/2828"}],"wp:attachment":[{"href":"https:\/\/martin-schwierz-fotografie.de\/index.php?rest_route=%2Fwp%2Fv2%2Fmedia&parent=1449"}],"curies":[{"name":"wp","href":"https:\/\/api.w.org\/{rel}","templated":true}]}}